{"id":1575,"date":"2023-03-21T12:55:01","date_gmt":"2023-03-21T12:55:01","guid":{"rendered":"http:\/\/alpenkreuzer.com\/modellen\/waterfront\/"},"modified":"2025-10-03T09:55:16","modified_gmt":"2025-10-03T09:55:16","slug":"waterfront","status":"publish","type":"page","link":"https:\/\/www.alpenkreuzer.com\/de\/modelle\/waterfront\/","title":{"rendered":"Waterfront"},"content":{"rendered":"\t\t<div data-elementor-type=\"wp-page\" data-elementor-id=\"1575\" class=\"elementor elementor-1575 elementor-196\" data-elementor-post-type=\"page\">\n\t\t\t\t\t\t<section class=\"elementor-section elementor-top-section elementor-element elementor-element-6de62870 elementor-section-full_width elementor-section-height-min-height divide-bottom elementor-section-height-default elementor-section-items-middle\" data-id=\"6de62870\" data-element_type=\"section\">\n\t\t\t\t\t\t<div class=\"elementor-container elementor-column-gap-default\">\n\t\t\t\t\t<div class=\"elementor-column elementor-col-100 elementor-top-column elementor-element elementor-element-47e5d3e4 campfire\" data-id=\"47e5d3e4\" data-element_type=\"column\">\n\t\t\t<div class=\"elementor-widget-wrap elementor-element-populated\">\n\t\t\t\t\t\t<div class=\"elementor-element elementor-element-6bb94871 elementor--h-position-center elementor--v-position-middle elementor-arrows-position-inside elementor-widget elementor-widget-slides\" data-id=\"6bb94871\" data-element_type=\"widget\" data-settings=\"{&quot;navigation&quot;:&quot;arrows&quot;,&quot;autoplay&quot;:&quot;yes&quot;,&quot;pause_on_hover&quot;:&quot;yes&quot;,&quot;pause_on_interaction&quot;:&quot;yes&quot;,&quot;autoplay_speed&quot;:5000,&quot;infinite&quot;:&quot;yes&quot;,&quot;transition&quot;:&quot;slide&quot;,&quot;transition_speed&quot;:500}\" data-widget_type=\"slides.default\">\n\t\t\t\t<div class=\"elementor-widget-container\">\n\t\t\t\t\t\t\t\t\t<div class=\"elementor-swiper\">\n\t\t\t\t\t<div class=\"elementor-slides-wrapper elementor-main-swiper swiper\" role=\"region\" aria-roledescription=\"carousel\" aria-label=\"Slides\" dir=\"ltr\" data-animation=\"fadeInUp\">\n\t\t\t\t<div class=\"swiper-wrapper elementor-slides\">\n\t\t\t\t\t\t\t\t\t\t<div class=\"elementor-repeater-item-0584246 swiper-slide\" role=\"group\" aria-roledescription=\"slide\"><div class=\"swiper-slide-bg\" role=\"img\"><\/div><a class=\"swiper-slide-inner\" href=\"#elementor-action%3Aaction%3Dlightbox%26settings%3DeyJ1cmwiOiJodHRwczpcL1wvd3d3LmFscGVua3JldXplci5jb21cL3dwLWNvbnRlbnRcL3VwbG9hZHNcLzIwMjNcLzA5XC8xNTZfdHljaF9hbHBlbmtyZXV6ZXJfMjMwODI5LmpwZyIsInR5cGUiOiJpbWFnZSJ9\"><div class=\"swiper-slide-contents\"><\/div><\/a><\/div><div class=\"elementor-repeater-item-d4fd5a8 swiper-slide\" role=\"group\" aria-roledescription=\"slide\"><div class=\"swiper-slide-bg\" role=\"img\"><\/div><a class=\"swiper-slide-inner\" href=\"#elementor-action%3Aaction%3Dlightbox%26settings%3DeyJ1cmwiOiJodHRwczpcL1wvd3d3LmFscGVua3JldXplci5jb21cL3dwLWNvbnRlbnRcL3VwbG9hZHNcLzIwMjNcLzA5XC8xNjhfdHljaF9hbHBlbmtyZXV6ZXJfMjMwODI5LmpwZyIsInR5cGUiOiJpbWFnZSJ9\"><div class=\"swiper-slide-contents\"><\/div><\/a><\/div><div class=\"elementor-repeater-item-70c1c1b swiper-slide\" role=\"group\" aria-roledescription=\"slide\"><div class=\"swiper-slide-bg\" role=\"img\"><\/div><a class=\"swiper-slide-inner\" href=\"#elementor-action%3Aaction%3Dlightbox%26settings%3DeyJ1cmwiOiJodHRwczpcL1wvd3d3LmFscGVua3JldXplci5jb21cL3dwLWNvbnRlbnRcL3VwbG9hZHNcLzIwMjNcLzA5XC8xNDBfdHljaF9hbHBlbmtyZXV6ZXJfMjMwODI5LmpwZyIsInR5cGUiOiJpbWFnZSJ9\"><div class=\"swiper-slide-contents\"><\/div><\/a><\/div><div class=\"elementor-repeater-item-f5ec852 swiper-slide\" role=\"group\" aria-roledescription=\"slide\"><div class=\"swiper-slide-bg\" role=\"img\"><\/div><a class=\"swiper-slide-inner\" href=\"#elementor-action%3Aaction%3Dlightbox%26settings%3DeyJ1cmwiOiJodHRwczpcL1wvd3d3LmFscGVua3JldXplci5jb21cL3dwLWNvbnRlbnRcL3VwbG9hZHNcLzIwMjNcLzA5XC8yMDhfdHljaF9hbHBlbmtyZXV6ZXJfMjMwODI5LmpwZyIsInR5cGUiOiJpbWFnZSJ9\"><div class=\"swiper-slide-contents\"><\/div><\/a><\/div>\t\t\t\t<\/div>\n\t\t\t\t\t\t\t\t\t\t\t\t\t\t\t\t\t\t\t\t<div class=\"elementor-swiper-button elementor-swiper-button-prev\" role=\"button\" tabindex=\"0\" aria-label=\"Vorheriger Slide\">\n\t\t\t\t\t\t\t<i aria-hidden=\"true\" class=\"eicon-chevron-left\"><\/i>\t\t\t\t\t\t<\/div>\n\t\t\t\t\t\t<div class=\"elementor-swiper-button elementor-swiper-button-next\" role=\"button\" tabindex=\"0\" aria-label=\"N\u00e4chster Slide\">\n\t\t\t\t\t\t\t<i aria-hidden=\"true\" class=\"eicon-chevron-right\"><\/i>\t\t\t\t\t\t<\/div>\n\t\t\t\t\t\t\t\t\t\t\t\t<\/div>\n\t\t\t\t<\/div>\n\t\t\t\t\t\t\t\t<\/div>\n\t\t\t\t<\/div>\n\t\t\t\t\t<\/div>\n\t\t<\/div>\n\t\t\t\t\t<\/div>\n\t\t<\/section>\n\t\t\t\t<section class=\"elementor-section elementor-top-section elementor-element elementor-element-bb7daa2 elementor-section-boxed elementor-section-height-default elementor-section-height-default\" data-id=\"bb7daa2\" data-element_type=\"section\">\n\t\t\t\t\t\t<div class=\"elementor-container elementor-column-gap-default\">\n\t\t\t\t\t<div class=\"elementor-column elementor-col-100 elementor-top-column elementor-element elementor-element-d915f12\" data-id=\"d915f12\" data-element_type=\"column\">\n\t\t\t<div class=\"elementor-widget-wrap elementor-element-populated\">\n\t\t\t\t\t\t<div class=\"elementor-element elementor-element-da325be elementor-widget elementor-widget-image\" data-id=\"da325be\" data-element_type=\"widget\" data-widget_type=\"image.default\">\n\t\t\t\t<div class=\"elementor-widget-container\">\n\t\t\t\t\t\t\t\t\t\t\t\t\t\t\t<img fetchpriority=\"high\" decoding=\"async\" width=\"1678\" height=\"484\" src=\"https:\/\/www.alpenkreuzer.com\/wp-content\/uploads\/2023\/09\/Waterfront_Icon.png\" class=\"attachment-full size-full wp-image-6578\" alt=\"\" srcset=\"https:\/\/www.alpenkreuzer.com\/wp-content\/uploads\/2023\/09\/Waterfront_Icon.png 1678w, https:\/\/www.alpenkreuzer.com\/wp-content\/uploads\/2023\/09\/Waterfront_Icon-300x87.png 300w, https:\/\/www.alpenkreuzer.com\/wp-content\/uploads\/2023\/09\/Waterfront_Icon-1024x295.png 1024w, https:\/\/www.alpenkreuzer.com\/wp-content\/uploads\/2023\/09\/Waterfront_Icon-768x222.png 768w, https:\/\/www.alpenkreuzer.com\/wp-content\/uploads\/2023\/09\/Waterfront_Icon-1536x443.png 1536w, https:\/\/www.alpenkreuzer.com\/wp-content\/uploads\/2023\/09\/Waterfront_Icon-350x100.png 350w\" sizes=\"(max-width: 1678px) 100vw, 1678px\" \/>\t\t\t\t\t\t\t\t\t\t\t\t\t\t\t<\/div>\n\t\t\t\t<\/div>\n\t\t\t\t<div class=\"elementor-element elementor-element-7902931 elementor-widget elementor-widget-heading\" data-id=\"7902931\" data-element_type=\"widget\" data-widget_type=\"heading.default\">\n\t\t\t\t<div class=\"elementor-widget-container\">\n\t\t\t\t\t<h1 class=\"elementor-heading-title elementor-size-default\">Water<span style=\"color:#75A585\">front<\/span><\/h1>\t\t\t\t<\/div>\n\t\t\t\t<\/div>\n\t\t\t\t<div class=\"elementor-element elementor-element-5f73ad5 elementor-widget elementor-widget-text-editor\" data-id=\"5f73ad5\" data-element_type=\"widget\" data-widget_type=\"text-editor.default\">\n\t\t\t\t<div class=\"elementor-widget-container\">\n\t\t\t\t\t\t\t\t\t<p style=\"text-align: left;\">Das Element Wasser symbolisiert das Leben, die Erfrischung, den Fluss. Wasser hat eine erfrischende Wirkung auf den Menschen und dies spiegelt sich in der Gestaltung des Waterfront wider.<\/p><p style=\"text-align: left;\">Dieses Modell eignet sich sehr gut f\u00fcr diejenigen, die einen aktiven Lebensstil genie\u00dfen und den Anh\u00e4nger f\u00fcr zuk\u00fcnftige Bed\u00fcrfnisse [Kinder\/Enkelkinder] ausbauen m\u00f6chten. Dieser kompakte 2-4-Personen-Zeltanh\u00e4nger mit nat\u00fcrliche Farben, l\u00e4sst sich schnell und einfach aufstellen.<\/p>\t\t\t\t\t\t\t\t<\/div>\n\t\t\t\t<\/div>\n\t\t\t\t\t<\/div>\n\t\t<\/div>\n\t\t\t\t\t<\/div>\n\t\t<\/section>\n\t\t\t\t<section class=\"elementor-section elementor-top-section elementor-element elementor-element-6046409 elementor-section-height-min-height elementor-section-items-top elementor-section-boxed elementor-section-height-default\" data-id=\"6046409\" data-element_type=\"section\" data-settings=\"{&quot;background_background&quot;:&quot;classic&quot;}\">\n\t\t\t\t\t\t<div class=\"elementor-container elementor-column-gap-default\">\n\t\t\t\t\t<div class=\"elementor-column elementor-col-100 elementor-top-column elementor-element elementor-element-8952320\" data-id=\"8952320\" data-element_type=\"column\" data-settings=\"{&quot;background_background&quot;:&quot;classic&quot;}\">\n\t\t\t<div class=\"elementor-widget-wrap elementor-element-populated\">\n\t\t\t\t\t\t<section class=\"elementor-section elementor-inner-section elementor-element elementor-element-6555d59 elementor-section-boxed elementor-section-height-default elementor-section-height-default\" data-id=\"6555d59\" data-element_type=\"section\">\n\t\t\t\t\t\t<div class=\"elementor-container elementor-column-gap-wider\">\n\t\t\t\t\t<div class=\"elementor-column elementor-col-50 elementor-inner-column elementor-element elementor-element-d150d30\" data-id=\"d150d30\" data-element_type=\"column\">\n\t\t\t<div class=\"elementor-widget-wrap elementor-element-populated\">\n\t\t\t\t\t\t<div class=\"elementor-element elementor-element-0f0f8b6 elementor-widget elementor-widget-text-editor\" data-id=\"0f0f8b6\" data-element_type=\"widget\" data-widget_type=\"text-editor.default\">\n\t\t\t\t<div class=\"elementor-widget-container\">\n\t\t\t\t\t\t\t\t\t<h3><strong>Spezifikationen<span style=\"font-size: 14px; margin-left: 10px;\">In CM&#8217;s<\/span><\/strong><\/h3><p><img decoding=\"async\" class=\"alignnone wp-image-12513 size-large\" src=\"https:\/\/www.alpenkreuzer.com\/wp-content\/uploads\/2024\/10\/Waterfront-1-1024x732.png\" alt=\"\" width=\"800\" height=\"572\" srcset=\"https:\/\/www.alpenkreuzer.com\/wp-content\/uploads\/2024\/10\/Waterfront-1-1024x732.png 1024w, https:\/\/www.alpenkreuzer.com\/wp-content\/uploads\/2024\/10\/Waterfront-1-300x214.png 300w, https:\/\/www.alpenkreuzer.com\/wp-content\/uploads\/2024\/10\/Waterfront-1-768x549.png 768w, https:\/\/www.alpenkreuzer.com\/wp-content\/uploads\/2024\/10\/Waterfront-1-1536x1097.png 1536w, https:\/\/www.alpenkreuzer.com\/wp-content\/uploads\/2024\/10\/Waterfront-1-2048x1463.png 2048w\" sizes=\"(max-width: 800px) 100vw, 800px\" \/><\/p>\t\t\t\t\t\t\t\t<\/div>\n\t\t\t\t<\/div>\n\t\t\t\t\t<\/div>\n\t\t<\/div>\n\t\t\t\t<div class=\"elementor-column elementor-col-50 elementor-inner-column elementor-element elementor-element-762d08b\" data-id=\"762d08b\" data-element_type=\"column\">\n\t\t\t<div class=\"elementor-widget-wrap elementor-element-populated\">\n\t\t\t\t\t\t<div class=\"elementor-element elementor-element-07faa98 elementor-widget elementor-widget-html\" data-id=\"07faa98\" data-element_type=\"widget\" data-widget_type=\"html.default\">\n\t\t\t\t<div class=\"elementor-widget-container\">\n\t\t\t\t\t<table cellspacing=\"0\" cellpadding=\"0\">\r\n<tbody>\r\n   <tr>\r\n    <td>Kapazit\u00e4t<\/td>\r\n    <td>2 bis 4 Personen<\/td>\r\n  <\/tr>\r\n  <tr>\r\n    <td>System<\/td>\r\n    <td>E2S system (Easy-to-Store), einfach einzupacken<\/td>\r\n  <\/tr>\r\n  <tr>\r\n    <td>Abmessungen<\/td>\r\n    <td>Wohnbereich 220cm x 290\/360cm, Serienm\u00e4\u00dfig mit\r\nSonnendach (120cm), optionales Sonnendach (80cm)<\/td>\r\n  <\/tr>\r\n  <tr>\r\n    <td>Bett<\/td>\r\n    <td>Ger\u00e4umiges Bett 150cm x 210cm, mit Lattenrost und 8cm dicker Schaumstoffmatratze<\/td>\r\n  <\/tr>\r\n  <tr>\r\n    <td>Gest\u00e4nge<\/td>\r\n    <td>Galvanisiertes 28mm Stahlgest\u00e4nge<\/td>\r\n  <\/tr>\r\n  <tr>\r\n    <td>Gewebe<\/td>\r\n    <td>TenCate 300 g\/m2 Stoffgewebe<\/td>\r\n  <\/tr>\r\n  <tr>\r\n    <td>Chassis<\/td>\r\n    <td>Gebremstes AL-KO chassis, mit 4 starken Standf\u00fc\u00dfen<\/td>\r\n  <\/tr>\r\n  <tr>\r\n    <td>Bereifung<\/td>\r\n    <td>13 Zoll Stahlfelgen mit Ersatzrad<\/td>\r\n  <\/tr>\r\n  <tr>\r\n    <td>Farben<\/td>\r\n    <td>Gr\u00fcn\/antra<\/td>\r\n  <\/tr>\r\n  <tr>\r\n    <td>Gewicht<\/td>\r\n    <td>Eigengewicht 340 Kg, zul\u00e4ssiges Gesammtgewicht 750 Kg<\/td>\r\n  <\/tr>\r\n<\/tbody>\r\n<\/table>\t\t\t\t<\/div>\n\t\t\t\t<\/div>\n\t\t\t\t\t<\/div>\n\t\t<\/div>\n\t\t\t\t\t<\/div>\n\t\t<\/section>\n\t\t\t\t<section class=\"elementor-section elementor-inner-section elementor-element elementor-element-30e89ee elementor-section-boxed elementor-section-height-default elementor-section-height-default\" data-id=\"30e89ee\" data-element_type=\"section\">\n\t\t\t\t\t\t<div class=\"elementor-container elementor-column-gap-wider\">\n\t\t\t\t\t<div class=\"elementor-column elementor-col-50 elementor-inner-column elementor-element elementor-element-be83def\" data-id=\"be83def\" data-element_type=\"column\">\n\t\t\t<div class=\"elementor-widget-wrap elementor-element-populated\">\n\t\t\t\t\t\t<div class=\"elementor-element elementor-element-9c3965b elementor-widget elementor-widget-shortcode\" data-id=\"9c3965b\" data-element_type=\"widget\" data-widget_type=\"shortcode.default\">\n\t\t\t\t<div class=\"elementor-widget-container\">\n\t\t\t\t\t\t\t<div class=\"elementor-shortcode\"><div class=\"model-configurator\"><h3>Configurator<\/h3><label class=\"model-line\"><span class=\"model-title\">Waterfront<\/span><input type=\"checkbox\" class=\"model-price\" data-price=\"8995\" title=\"8995\" checked><span class=\"checkmark\"><\/span><div class=\"hover-box\">\u20ac 8995<\/div><\/label><label class=\"model-line\"><span class=\"model-title\">Sonnendach<\/span><input type=\"checkbox\" class=\"model-price\" data-price=\"599\" title=\"599\"><span class=\"checkmark\"><\/span><div class=\"hover-box\">\u20ac 599<\/div><\/label><label class=\"model-line\"><span class=\"model-title\">Anbau<\/span><input type=\"checkbox\" class=\"model-price\" data-price=\"649\" title=\"649\"><span class=\"checkmark\"><\/span><div class=\"hover-box\">\u20ac 649<\/div><\/label><p class=\"model-total\">Empfohlener Verkaufspreis<\/p><span class=\"configurator-total\"><\/span><\/div><\/div>\n\t\t\t\t\t\t<\/div>\n\t\t\t\t<\/div>\n\t\t\t\t\t<\/div>\n\t\t<\/div>\n\t\t\t\t<div class=\"elementor-column elementor-col-50 elementor-inner-column elementor-element elementor-element-1992b89\" data-id=\"1992b89\" data-element_type=\"column\">\n\t\t\t<div class=\"elementor-widget-wrap elementor-element-populated\">\n\t\t\t\t\t\t<div class=\"elementor-element elementor-element-604f15e elementor-widget__width-auto ap-icon elementor-widget elementor-widget-heading\" data-id=\"604f15e\" data-element_type=\"widget\" data-widget_type=\"heading.default\">\n\t\t\t\t<div class=\"elementor-widget-container\">\n\t\t\t\t\t<h4 class=\"elementor-heading-title elementor-size-default\"><a href=\"\/de\/handler\">Jetzt H\u00e4ndler finden<\/a><\/h4>\t\t\t\t<\/div>\n\t\t\t\t<\/div>\n\t\t\t\t<div class=\"elementor-element elementor-element-7700583 elementor-widget-divider--view-line elementor-widget elementor-widget-divider\" data-id=\"7700583\" data-element_type=\"widget\" data-widget_type=\"divider.default\">\n\t\t\t\t<div class=\"elementor-widget-container\">\n\t\t\t\t\t\t\t<div class=\"elementor-divider\">\n\t\t\t<span class=\"elementor-divider-separator\">\n\t\t\t\t\t\t<\/span>\n\t\t<\/div>\n\t\t\t\t\t\t<\/div>\n\t\t\t\t<\/div>\n\t\t\t\t<div class=\"elementor-element elementor-element-f4fc15c elementor-widget__width-auto youtube-icon elementor-widget elementor-widget-heading\" data-id=\"f4fc15c\" data-element_type=\"widget\" data-widget_type=\"heading.default\">\n\t\t\t\t<div class=\"elementor-widget-container\">\n\t\t\t\t\t<h4 class=\"elementor-heading-title elementor-size-default\"><a href=\"#elementor-action%3Aaction%3Dlightbox%26settings%3DeyJ0eXBlIjoidmlkZW8iLCJ2aWRlb1R5cGUiOiJ5b3V0dWJlIiwidXJsIjoiaHR0cHM6XC9cL3d3dy55b3V0dWJlLmNvbVwvZW1iZWRcL01nTm9uNFZGR0QwP2ZlYXR1cmU9b2VtYmVkIn0%3D\" target=\"_blank\">Aufbau Anleitung<\/a><\/h4>\t\t\t\t<\/div>\n\t\t\t\t<\/div>\n\t\t\t\t\t<\/div>\n\t\t<\/div>\n\t\t\t\t\t<\/div>\n\t\t<\/section>\n\t\t\t\t\t<\/div>\n\t\t<\/div>\n\t\t\t\t\t<\/div>\n\t\t<\/section>\n\t\t\t\t<\/div>\n\t\t","protected":false},"excerpt":{"rendered":"<p>Waterfront Das Element Wasser symbolisiert das Leben, die Erfrischung, den Fluss. Wasser hat eine erfrischende Wirkung auf den Menschen und dies spiegelt sich in der Gestaltung des Waterfront wider. Dieses Modell eignet sich sehr gut f\u00fcr diejenigen, die einen aktiven Lebensstil genie\u00dfen und den Anh\u00e4nger f\u00fcr zuk\u00fcnftige Bed\u00fcrfnisse [Kinder\/Enkelkinder] ausbauen m\u00f6chten. Dieser kompakte 2-4-Personen-Zeltanh\u00e4nger mit [&hellip;]<\/p>\n","protected":false},"author":1,"featured_media":0,"parent":1569,"menu_order":0,"comment_status":"closed","ping_status":"closed","template":"","meta":{"_acf_changed":false,"inline_featured_image":false,"footnotes":""},"class_list":["post-1575","page","type-page","status-publish","hentry"],"acf":[],"yoast_head":"<!-- This site is optimized with the Yoast SEO plugin v24.1 - https:\/\/yoast.com\/wordpress\/plugins\/seo\/ -->\n<title>Waterfront - Alpenkreuzer<\/title>\n<meta name=\"robots\" content=\"index, follow, max-snippet:-1, max-image-preview:large, max-video-preview:-1\" \/>\n<link rel=\"canonical\" href=\"https:\/\/www.alpenkreuzer.com\/de\/modelle\/waterfront\/\" \/>\n<meta property=\"og:locale\" content=\"de_DE\" \/>\n<meta property=\"og:type\" content=\"article\" \/>\n<meta property=\"og:title\" content=\"Waterfront - Alpenkreuzer\" \/>\n<meta property=\"og:description\" content=\"Waterfront Das Element Wasser symbolisiert das Leben, die Erfrischung, den Fluss. Wasser hat eine erfrischende Wirkung auf den Menschen und dies spiegelt sich in der Gestaltung des Waterfront wider. Dieses Modell eignet sich sehr gut f\u00fcr diejenigen, die einen aktiven Lebensstil genie\u00dfen und den Anh\u00e4nger f\u00fcr zuk\u00fcnftige Bed\u00fcrfnisse [Kinder\/Enkelkinder] ausbauen m\u00f6chten. Dieser kompakte 2-4-Personen-Zeltanh\u00e4nger mit [&hellip;]\" \/>\n<meta property=\"og:url\" content=\"https:\/\/www.alpenkreuzer.com\/de\/modelle\/waterfront\/\" \/>\n<meta property=\"og:site_name\" content=\"Alpenkreuzer\" \/>\n<meta property=\"article:modified_time\" content=\"2025-10-03T09:55:16+00:00\" \/>\n<meta property=\"og:image\" content=\"https:\/\/www.alpenkreuzer.com\/wp-content\/uploads\/2023\/09\/Waterfront_Icon.png\" \/>\n<meta name=\"twitter:card\" content=\"summary_large_image\" \/>\n<meta name=\"twitter:label1\" content=\"Gesch\u00e4tzte Lesezeit\" \/>\n\t<meta name=\"twitter:data1\" content=\"2\u00a0Minuten\" \/>\n<script type=\"application\/ld+json\" class=\"yoast-schema-graph\">{\"@context\":\"https:\/\/schema.org\",\"@graph\":[{\"@type\":\"WebPage\",\"@id\":\"https:\/\/www.alpenkreuzer.com\/de\/modelle\/waterfront\/\",\"url\":\"https:\/\/www.alpenkreuzer.com\/de\/modelle\/waterfront\/\",\"name\":\"Waterfront - Alpenkreuzer\",\"isPartOf\":{\"@id\":\"https:\/\/www.alpenkreuzer.com\/#website\"},\"primaryImageOfPage\":{\"@id\":\"https:\/\/www.alpenkreuzer.com\/de\/modelle\/waterfront\/#primaryimage\"},\"image\":{\"@id\":\"https:\/\/www.alpenkreuzer.com\/de\/modelle\/waterfront\/#primaryimage\"},\"thumbnailUrl\":\"https:\/\/www.alpenkreuzer.com\/wp-content\/uploads\/2023\/09\/Waterfront_Icon.png\",\"datePublished\":\"2023-03-21T12:55:01+00:00\",\"dateModified\":\"2025-10-03T09:55:16+00:00\",\"breadcrumb\":{\"@id\":\"https:\/\/www.alpenkreuzer.com\/de\/modelle\/waterfront\/#breadcrumb\"},\"inLanguage\":\"de\",\"potentialAction\":[{\"@type\":\"ReadAction\",\"target\":[\"https:\/\/www.alpenkreuzer.com\/de\/modelle\/waterfront\/\"]}]},{\"@type\":\"ImageObject\",\"inLanguage\":\"de\",\"@id\":\"https:\/\/www.alpenkreuzer.com\/de\/modelle\/waterfront\/#primaryimage\",\"url\":\"https:\/\/www.alpenkreuzer.com\/wp-content\/uploads\/2023\/09\/Waterfront_Icon.png\",\"contentUrl\":\"https:\/\/www.alpenkreuzer.com\/wp-content\/uploads\/2023\/09\/Waterfront_Icon.png\"},{\"@type\":\"BreadcrumbList\",\"@id\":\"https:\/\/www.alpenkreuzer.com\/de\/modelle\/waterfront\/#breadcrumb\",\"itemListElement\":[{\"@type\":\"ListItem\",\"position\":1,\"name\":\"Home\",\"item\":\"https:\/\/www.alpenkreuzer.com\/en\/\"},{\"@type\":\"ListItem\",\"position\":2,\"name\":\"Modelle\",\"item\":\"https:\/\/www.alpenkreuzer.com\/de\/modelle\/\"},{\"@type\":\"ListItem\",\"position\":3,\"name\":\"Waterfront\"}]},{\"@type\":\"WebSite\",\"@id\":\"https:\/\/www.alpenkreuzer.com\/#website\",\"url\":\"https:\/\/www.alpenkreuzer.com\/\",\"name\":\"Alpenkreuzer\",\"description\":\"\",\"publisher\":{\"@id\":\"https:\/\/www.alpenkreuzer.com\/#organization\"},\"potentialAction\":[{\"@type\":\"SearchAction\",\"target\":{\"@type\":\"EntryPoint\",\"urlTemplate\":\"https:\/\/www.alpenkreuzer.com\/?s={search_term_string}\"},\"query-input\":{\"@type\":\"PropertyValueSpecification\",\"valueRequired\":true,\"valueName\":\"search_term_string\"}}],\"inLanguage\":\"de\"},{\"@type\":\"Organization\",\"@id\":\"https:\/\/www.alpenkreuzer.com\/#organization\",\"name\":\"Alpenkreuzer\",\"url\":\"https:\/\/www.alpenkreuzer.com\/\",\"logo\":{\"@type\":\"ImageObject\",\"inLanguage\":\"de\",\"@id\":\"https:\/\/www.alpenkreuzer.com\/#\/schema\/logo\/image\/\",\"url\":\"https:\/\/www.alpenkreuzer.com\/wp-content\/uploads\/2023\/03\/Alpenkreuzer-logo.png\",\"contentUrl\":\"https:\/\/www.alpenkreuzer.com\/wp-content\/uploads\/2023\/03\/Alpenkreuzer-logo.png\",\"width\":3117,\"height\":1018,\"caption\":\"Alpenkreuzer\"},\"image\":{\"@id\":\"https:\/\/www.alpenkreuzer.com\/#\/schema\/logo\/image\/\"}}]}<\/script>\n<!-- \/ Yoast SEO plugin. -->","yoast_head_json":{"title":"Waterfront - Alpenkreuzer","robots":{"index":"index","follow":"follow","max-snippet":"max-snippet:-1","max-image-preview":"max-image-preview:large","max-video-preview":"max-video-preview:-1"},"canonical":"https:\/\/www.alpenkreuzer.com\/de\/modelle\/waterfront\/","og_locale":"de_DE","og_type":"article","og_title":"Waterfront - Alpenkreuzer","og_description":"Waterfront Das Element Wasser symbolisiert das Leben, die Erfrischung, den Fluss. Wasser hat eine erfrischende Wirkung auf den Menschen und dies spiegelt sich in der Gestaltung des Waterfront wider. Dieses Modell eignet sich sehr gut f\u00fcr diejenigen, die einen aktiven Lebensstil genie\u00dfen und den Anh\u00e4nger f\u00fcr zuk\u00fcnftige Bed\u00fcrfnisse [Kinder\/Enkelkinder] ausbauen m\u00f6chten. Dieser kompakte 2-4-Personen-Zeltanh\u00e4nger mit [&hellip;]","og_url":"https:\/\/www.alpenkreuzer.com\/de\/modelle\/waterfront\/","og_site_name":"Alpenkreuzer","article_modified_time":"2025-10-03T09:55:16+00:00","og_image":[{"url":"https:\/\/www.alpenkreuzer.com\/wp-content\/uploads\/2023\/09\/Waterfront_Icon.png","type":"","width":"","height":""}],"twitter_card":"summary_large_image","twitter_misc":{"Gesch\u00e4tzte Lesezeit":"2\u00a0Minuten"},"schema":{"@context":"https:\/\/schema.org","@graph":[{"@type":"WebPage","@id":"https:\/\/www.alpenkreuzer.com\/de\/modelle\/waterfront\/","url":"https:\/\/www.alpenkreuzer.com\/de\/modelle\/waterfront\/","name":"Waterfront - Alpenkreuzer","isPartOf":{"@id":"https:\/\/www.alpenkreuzer.com\/#website"},"primaryImageOfPage":{"@id":"https:\/\/www.alpenkreuzer.com\/de\/modelle\/waterfront\/#primaryimage"},"image":{"@id":"https:\/\/www.alpenkreuzer.com\/de\/modelle\/waterfront\/#primaryimage"},"thumbnailUrl":"https:\/\/www.alpenkreuzer.com\/wp-content\/uploads\/2023\/09\/Waterfront_Icon.png","datePublished":"2023-03-21T12:55:01+00:00","dateModified":"2025-10-03T09:55:16+00:00","breadcrumb":{"@id":"https:\/\/www.alpenkreuzer.com\/de\/modelle\/waterfront\/#breadcrumb"},"inLanguage":"de","potentialAction":[{"@type":"ReadAction","target":["https:\/\/www.alpenkreuzer.com\/de\/modelle\/waterfront\/"]}]},{"@type":"ImageObject","inLanguage":"de","@id":"https:\/\/www.alpenkreuzer.com\/de\/modelle\/waterfront\/#primaryimage","url":"https:\/\/www.alpenkreuzer.com\/wp-content\/uploads\/2023\/09\/Waterfront_Icon.png","contentUrl":"https:\/\/www.alpenkreuzer.com\/wp-content\/uploads\/2023\/09\/Waterfront_Icon.png"},{"@type":"BreadcrumbList","@id":"https:\/\/www.alpenkreuzer.com\/de\/modelle\/waterfront\/#breadcrumb","itemListElement":[{"@type":"ListItem","position":1,"name":"Home","item":"https:\/\/www.alpenkreuzer.com\/en\/"},{"@type":"ListItem","position":2,"name":"Modelle","item":"https:\/\/www.alpenkreuzer.com\/de\/modelle\/"},{"@type":"ListItem","position":3,"name":"Waterfront"}]},{"@type":"WebSite","@id":"https:\/\/www.alpenkreuzer.com\/#website","url":"https:\/\/www.alpenkreuzer.com\/","name":"Alpenkreuzer","description":"","publisher":{"@id":"https:\/\/www.alpenkreuzer.com\/#organization"},"potentialAction":[{"@type":"SearchAction","target":{"@type":"EntryPoint","urlTemplate":"https:\/\/www.alpenkreuzer.com\/?s={search_term_string}"},"query-input":{"@type":"PropertyValueSpecification","valueRequired":true,"valueName":"search_term_string"}}],"inLanguage":"de"},{"@type":"Organization","@id":"https:\/\/www.alpenkreuzer.com\/#organization","name":"Alpenkreuzer","url":"https:\/\/www.alpenkreuzer.com\/","logo":{"@type":"ImageObject","inLanguage":"de","@id":"https:\/\/www.alpenkreuzer.com\/#\/schema\/logo\/image\/","url":"https:\/\/www.alpenkreuzer.com\/wp-content\/uploads\/2023\/03\/Alpenkreuzer-logo.png","contentUrl":"https:\/\/www.alpenkreuzer.com\/wp-content\/uploads\/2023\/03\/Alpenkreuzer-logo.png","width":3117,"height":1018,"caption":"Alpenkreuzer"},"image":{"@id":"https:\/\/www.alpenkreuzer.com\/#\/schema\/logo\/image\/"}}]}},"_links":{"self":[{"href":"https:\/\/www.alpenkreuzer.com\/de\/wp-json\/wp\/v2\/pages\/1575","targetHints":{"allow":["GET"]}}],"collection":[{"href":"https:\/\/www.alpenkreuzer.com\/de\/wp-json\/wp\/v2\/pages"}],"about":[{"href":"https:\/\/www.alpenkreuzer.com\/de\/wp-json\/wp\/v2\/types\/page"}],"author":[{"embeddable":true,"href":"https:\/\/www.alpenkreuzer.com\/de\/wp-json\/wp\/v2\/users\/1"}],"replies":[{"embeddable":true,"href":"https:\/\/www.alpenkreuzer.com\/de\/wp-json\/wp\/v2\/comments?post=1575"}],"version-history":[{"count":48,"href":"https:\/\/www.alpenkreuzer.com\/de\/wp-json\/wp\/v2\/pages\/1575\/revisions"}],"predecessor-version":[{"id":15445,"href":"https:\/\/www.alpenkreuzer.com\/de\/wp-json\/wp\/v2\/pages\/1575\/revisions\/15445"}],"up":[{"embeddable":true,"href":"https:\/\/www.alpenkreuzer.com\/de\/wp-json\/wp\/v2\/pages\/1569"}],"wp:attachment":[{"href":"https:\/\/www.alpenkreuzer.com\/de\/wp-json\/wp\/v2\/media?parent=1575"}],"curies":[{"name":"wp","href":"https:\/\/api.w.org\/{rel}","templated":true}]}}