{"id":1571,"date":"2023-03-21T12:55:11","date_gmt":"2023-03-21T12:55:11","guid":{"rendered":"http:\/\/alpenkreuzer.com\/modellen\/campfire\/"},"modified":"2025-10-03T09:54:52","modified_gmt":"2025-10-03T09:54:52","slug":"campfire","status":"publish","type":"page","link":"https:\/\/www.alpenkreuzer.com\/de\/modelle\/campfire\/","title":{"rendered":"Campfire"},"content":{"rendered":"\t\t<div data-elementor-type=\"wp-page\" data-elementor-id=\"1571\" class=\"elementor elementor-1571 elementor-198\" data-elementor-post-type=\"page\">\n\t\t\t\t\t\t<section class=\"elementor-section elementor-top-section elementor-element elementor-element-8e14651 elementor-section-full_width elementor-section-height-min-height divide-bottom elementor-section-height-default elementor-section-items-middle\" data-id=\"8e14651\" data-element_type=\"section\">\n\t\t\t\t\t\t<div class=\"elementor-container elementor-column-gap-default\">\n\t\t\t\t\t<div class=\"elementor-column elementor-col-100 elementor-top-column elementor-element elementor-element-206b8c3e campfire\" data-id=\"206b8c3e\" data-element_type=\"column\">\n\t\t\t<div class=\"elementor-widget-wrap elementor-element-populated\">\n\t\t\t\t\t\t<div class=\"elementor-element elementor-element-141dafc0 elementor--h-position-center elementor--v-position-middle elementor-arrows-position-inside elementor-widget elementor-widget-slides\" data-id=\"141dafc0\" data-element_type=\"widget\" data-settings=\"{&quot;navigation&quot;:&quot;arrows&quot;,&quot;autoplay&quot;:&quot;yes&quot;,&quot;pause_on_hover&quot;:&quot;yes&quot;,&quot;pause_on_interaction&quot;:&quot;yes&quot;,&quot;autoplay_speed&quot;:5000,&quot;infinite&quot;:&quot;yes&quot;,&quot;transition&quot;:&quot;slide&quot;,&quot;transition_speed&quot;:500}\" data-widget_type=\"slides.default\">\n\t\t\t\t<div class=\"elementor-widget-container\">\n\t\t\t\t\t\t\t\t\t<div class=\"elementor-swiper\">\n\t\t\t\t\t<div class=\"elementor-slides-wrapper elementor-main-swiper swiper\" role=\"region\" aria-roledescription=\"carousel\" aria-label=\"Slider\" dir=\"ltr\" data-animation=\"fadeInUp\">\n\t\t\t\t<div class=\"swiper-wrapper elementor-slides\">\n\t\t\t\t\t\t\t\t\t\t<div class=\"elementor-repeater-item-ceba3dc swiper-slide\" role=\"group\" aria-roledescription=\"slide\"><div class=\"swiper-slide-bg\" role=\"img\"><\/div><a class=\"swiper-slide-inner\" href=\"#elementor-action%3Aaction%3Dlightbox%26settings%3DeyJ1cmwiOiJodHRwczpcL1wvd3d3LmFscGVua3JldXplci5jb21cL3dwLWNvbnRlbnRcL3VwbG9hZHNcLzIwMjNcLzA5XC8zODVfdHljaF9hbHBlbmtyZXV6ZXJfMjMwODI5LmpwZyIsInR5cGUiOiJpbWFnZSJ9\"><div class=\"swiper-slide-contents\"><\/div><\/a><\/div><div class=\"elementor-repeater-item-0584246 swiper-slide\" role=\"group\" aria-roledescription=\"slide\"><div class=\"swiper-slide-bg\" role=\"img\"><\/div><a class=\"swiper-slide-inner\" href=\"#elementor-action%3Aaction%3Dlightbox%26settings%3DeyJ1cmwiOiJodHRwczpcL1wvd3d3LmFscGVua3JldXplci5jb21cL3dwLWNvbnRlbnRcL3VwbG9hZHNcLzIwMjNcLzA5XC8zNjZfdHljaF9hbHBlbmtyZXV6ZXJfMjMwODI5LmpwZyIsInR5cGUiOiJpbWFnZSJ9\"><div class=\"swiper-slide-contents\"><\/div><\/a><\/div><div class=\"elementor-repeater-item-e39a251 swiper-slide\" role=\"group\" aria-roledescription=\"slide\"><div class=\"swiper-slide-bg\" role=\"img\"><\/div><a class=\"swiper-slide-inner\" href=\"#elementor-action%3Aaction%3Dlightbox%26settings%3DeyJ1cmwiOiJodHRwczpcL1wvd3d3LmFscGVua3JldXplci5jb21cL3dwLWNvbnRlbnRcL3VwbG9hZHNcLzIwMjNcLzA5XC8zNDhfdHljaF9hbHBlbmtyZXV6ZXJfMjMwODI5LmpwZyIsInR5cGUiOiJpbWFnZSJ9\"><div class=\"swiper-slide-contents\"><\/div><\/a><\/div><div class=\"elementor-repeater-item-3d020af swiper-slide\" role=\"group\" aria-roledescription=\"slide\"><div class=\"swiper-slide-bg\" role=\"img\"><\/div><a class=\"swiper-slide-inner\" href=\"#elementor-action%3Aaction%3Dlightbox%26settings%3DeyJ1cmwiOiJodHRwczpcL1wvd3d3LmFscGVua3JldXplci5jb21cL3dwLWNvbnRlbnRcL3VwbG9hZHNcLzIwMjNcLzA5XC81MTNfdHljaF9hbHBlbmtyZXV6ZXJfMjMwODI5LmpwZyIsInR5cGUiOiJpbWFnZSJ9\"><div class=\"swiper-slide-contents\"><\/div><\/a><\/div><div class=\"elementor-repeater-item-5d63c2b swiper-slide\" role=\"group\" aria-roledescription=\"slide\"><div class=\"swiper-slide-bg\" role=\"img\"><\/div><a class=\"swiper-slide-inner\" href=\"#elementor-action%3Aaction%3Dlightbox%26settings%3DeyJ1cmwiOiJodHRwczpcL1wvd3d3LmFscGVua3JldXplci5jb21cL3dwLWNvbnRlbnRcL3VwbG9hZHNcLzIwMjNcLzA5XC80NzJfdHljaF9hbHBlbmtyZXV6ZXJfMjMwODI5LmpwZyIsInR5cGUiOiJpbWFnZSJ9\"><div class=\"swiper-slide-contents\"><\/div><\/a><\/div><div class=\"elementor-repeater-item-45eeb5e swiper-slide\" role=\"group\" aria-roledescription=\"slide\"><div class=\"swiper-slide-bg\" role=\"img\"><\/div><a class=\"swiper-slide-inner\" href=\"#elementor-action%3Aaction%3Dlightbox%26settings%3DeyJ1cmwiOiJodHRwczpcL1wvd3d3LmFscGVua3JldXplci5jb21cL3dwLWNvbnRlbnRcL3VwbG9hZHNcLzIwMjNcLzA5XC80NjRfdHljaF9hbHBlbmtyZXV6ZXJfMjMwODI5LmpwZyIsInR5cGUiOiJpbWFnZSJ9\"><div class=\"swiper-slide-contents\"><\/div><\/a><\/div><div class=\"elementor-repeater-item-d4fd5a8 swiper-slide\" role=\"group\" aria-roledescription=\"slide\"><div class=\"swiper-slide-bg\" role=\"img\"><\/div><a class=\"swiper-slide-inner\" href=\"#elementor-action%3Aaction%3Dlightbox%26settings%3DeyJ1cmwiOiJodHRwczpcL1wvd3d3LmFscGVua3JldXplci5jb21cL3dwLWNvbnRlbnRcL3VwbG9hZHNcLzIwMjNcLzA5XC8zOThfdHljaF9hbHBlbmtyZXV6ZXJfMjMwODI5LmpwZyIsInR5cGUiOiJpbWFnZSJ9\"><div class=\"swiper-slide-contents\"><\/div><\/a><\/div>\t\t\t\t<\/div>\n\t\t\t\t\t\t\t\t\t\t\t\t\t\t\t\t\t\t\t\t<div class=\"elementor-swiper-button elementor-swiper-button-prev\" role=\"button\" tabindex=\"0\" aria-label=\"Vorheriger Slide\">\n\t\t\t\t\t\t\t<i aria-hidden=\"true\" class=\"eicon-chevron-left\"><\/i>\t\t\t\t\t\t<\/div>\n\t\t\t\t\t\t<div class=\"elementor-swiper-button elementor-swiper-button-next\" role=\"button\" tabindex=\"0\" aria-label=\"N\u00e4chster Slide\">\n\t\t\t\t\t\t\t<i aria-hidden=\"true\" class=\"eicon-chevron-right\"><\/i>\t\t\t\t\t\t<\/div>\n\t\t\t\t\t\t\t\t\t\t\t\t<\/div>\n\t\t\t\t<\/div>\n\t\t\t\t\t\t\t\t<\/div>\n\t\t\t\t<\/div>\n\t\t\t\t\t<\/div>\n\t\t<\/div>\n\t\t\t\t\t<\/div>\n\t\t<\/section>\n\t\t\t\t<section class=\"elementor-section elementor-top-section elementor-element elementor-element-4b7e1a5d elementor-section-boxed elementor-section-height-default elementor-section-height-default\" data-id=\"4b7e1a5d\" data-element_type=\"section\">\n\t\t\t\t\t\t<div class=\"elementor-container elementor-column-gap-default\">\n\t\t\t\t\t<div class=\"elementor-column elementor-col-100 elementor-top-column elementor-element elementor-element-48273314\" data-id=\"48273314\" data-element_type=\"column\">\n\t\t\t<div class=\"elementor-widget-wrap elementor-element-populated\">\n\t\t\t\t\t\t<div class=\"elementor-element elementor-element-6f538bf6 elementor-widget elementor-widget-image\" data-id=\"6f538bf6\" data-element_type=\"widget\" data-widget_type=\"image.default\">\n\t\t\t\t<div class=\"elementor-widget-container\">\n\t\t\t\t\t\t\t\t\t\t\t\t\t\t\t<img fetchpriority=\"high\" decoding=\"async\" width=\"894\" height=\"859\" src=\"https:\/\/www.alpenkreuzer.com\/wp-content\/uploads\/2023\/09\/Campfire_Icon.png\" class=\"attachment-full size-full wp-image-6597\" alt=\"\" srcset=\"https:\/\/www.alpenkreuzer.com\/wp-content\/uploads\/2023\/09\/Campfire_Icon.png 894w, https:\/\/www.alpenkreuzer.com\/wp-content\/uploads\/2023\/09\/Campfire_Icon-300x288.png 300w, https:\/\/www.alpenkreuzer.com\/wp-content\/uploads\/2023\/09\/Campfire_Icon-768x738.png 768w\" sizes=\"(max-width: 894px) 100vw, 894px\" \/>\t\t\t\t\t\t\t\t\t\t\t\t\t\t\t<\/div>\n\t\t\t\t<\/div>\n\t\t\t\t<div class=\"elementor-element elementor-element-46e7d4a3 elementor-widget elementor-widget-heading\" data-id=\"46e7d4a3\" data-element_type=\"widget\" data-widget_type=\"heading.default\">\n\t\t\t\t<div class=\"elementor-widget-container\">\n\t\t\t\t\t<h1 class=\"elementor-heading-title elementor-size-default\">Camp<span style=\"color:#DC7403\">fire<\/span><\/h1>\t\t\t\t<\/div>\n\t\t\t\t<\/div>\n\t\t\t\t<div class=\"elementor-element elementor-element-19e3a188 elementor-widget elementor-widget-text-editor\" data-id=\"19e3a188\" data-element_type=\"widget\" data-widget_type=\"text-editor.default\">\n\t\t\t\t<div class=\"elementor-widget-container\">\n\t\t\t\t\t\t\t\t\t<p style=\"text-align: left;\">Das Element Feuer symbolisiert W\u00e4rme, Licht und Energie. Feuer sorgt f\u00fcr Aufregung und Bewegung und weckt neues Leben. Genau das finden Sie in diesem Modell: Campfire. Das Alpenkreuzer Campfire ist ein ger\u00e4umiges Tent trailer f\u00fcr 4-6 Personen, das Komfort und Abenteuer miteinander verbindet f\u00fcr Familien oder Freunde, die einen abenteuerlichen Campingurlaub verbringen m\u00f6chten. Reisen Sie gerne umher oder bleiben Sie lieber l\u00e4nger an einem Ort, der Campfire ist immer die ideale Basis f\u00fcr Ihren Urlaub.<\/p>\t\t\t\t\t\t\t\t<\/div>\n\t\t\t\t<\/div>\n\t\t\t\t\t<\/div>\n\t\t<\/div>\n\t\t\t\t\t<\/div>\n\t\t<\/section>\n\t\t\t\t<section class=\"elementor-section elementor-top-section elementor-element elementor-element-59200e5f elementor-section-height-min-height elementor-section-items-top elementor-section-boxed elementor-section-height-default\" data-id=\"59200e5f\" data-element_type=\"section\" data-settings=\"{&quot;background_background&quot;:&quot;classic&quot;}\">\n\t\t\t\t\t\t<div class=\"elementor-container elementor-column-gap-default\">\n\t\t\t\t\t<div class=\"elementor-column elementor-col-100 elementor-top-column elementor-element elementor-element-62e404b1\" data-id=\"62e404b1\" data-element_type=\"column\" data-settings=\"{&quot;background_background&quot;:&quot;classic&quot;}\">\n\t\t\t<div class=\"elementor-widget-wrap elementor-element-populated\">\n\t\t\t\t\t\t<section class=\"elementor-section elementor-inner-section elementor-element elementor-element-187a6c03 elementor-section-boxed elementor-section-height-default elementor-section-height-default\" data-id=\"187a6c03\" data-element_type=\"section\">\n\t\t\t\t\t\t<div class=\"elementor-container elementor-column-gap-wider\">\n\t\t\t\t\t<div class=\"elementor-column elementor-col-50 elementor-inner-column elementor-element elementor-element-1c4aea63\" data-id=\"1c4aea63\" data-element_type=\"column\">\n\t\t\t<div class=\"elementor-widget-wrap elementor-element-populated\">\n\t\t\t\t\t\t<div class=\"elementor-element elementor-element-442ce6cc elementor-widget elementor-widget-text-editor\" data-id=\"442ce6cc\" data-element_type=\"widget\" data-widget_type=\"text-editor.default\">\n\t\t\t\t<div class=\"elementor-widget-container\">\n\t\t\t\t\t\t\t\t\t<h3><strong>Spezifikationen<span style=\"font-size: 14px; margin-left: 10px;\">In CM&#8217;s<\/span><\/strong><\/h3><p><img decoding=\"async\" class=\"alignnone wp-image-12519 size-large\" src=\"https:\/\/www.alpenkreuzer.com\/wp-content\/uploads\/2024\/10\/Campfire-1-1024x732.png\" alt=\"\" width=\"800\" height=\"572\" srcset=\"https:\/\/www.alpenkreuzer.com\/wp-content\/uploads\/2024\/10\/Campfire-1-1024x732.png 1024w, https:\/\/www.alpenkreuzer.com\/wp-content\/uploads\/2024\/10\/Campfire-1-300x214.png 300w, https:\/\/www.alpenkreuzer.com\/wp-content\/uploads\/2024\/10\/Campfire-1-768x549.png 768w, https:\/\/www.alpenkreuzer.com\/wp-content\/uploads\/2024\/10\/Campfire-1-1536x1097.png 1536w, https:\/\/www.alpenkreuzer.com\/wp-content\/uploads\/2024\/10\/Campfire-1-2048x1463.png 2048w\" sizes=\"(max-width: 800px) 100vw, 800px\" \/><\/p>\t\t\t\t\t\t\t\t<\/div>\n\t\t\t\t<\/div>\n\t\t\t\t\t<\/div>\n\t\t<\/div>\n\t\t\t\t<div class=\"elementor-column elementor-col-50 elementor-inner-column elementor-element elementor-element-5f6ac45a\" data-id=\"5f6ac45a\" data-element_type=\"column\">\n\t\t\t<div class=\"elementor-widget-wrap elementor-element-populated\">\n\t\t\t\t\t\t<div class=\"elementor-element elementor-element-10d1abe2 elementor-widget elementor-widget-html\" data-id=\"10d1abe2\" data-element_type=\"widget\" data-widget_type=\"html.default\">\n\t\t\t\t<div class=\"elementor-widget-container\">\n\t\t\t\t\t<table cellspacing=\"0\" cellpadding=\"0\">\r\n<tbody>\r\n   <tr>\r\n    <td>Kapazit\u00e4t<\/td>\r\n    <td>Geeignet f\u00fcr 4 bis 6 Personen<\/td>\r\n  <\/tr>\r\n  <tr>\r\n    <td>System<\/td>\r\n    <td>E2S system (Easy-to-Store), einfach einzupacken<\/td>\r\n  <\/tr>\r\n  <tr>\r\n    <td>Abmessungen<\/td>\r\n    <td>Wohnbereich 250cm x 385cm, optionales Sonnendach\r\n200cm x 385cm<\/td>\r\n  <\/tr>\r\n  <tr>\r\n    <td>Bett<\/td>\r\n    <td>2 ger\u00e4umiges Betten 150cm x 210cm<\/td>\r\n  <\/tr>\r\n  <tr>\r\n    <td>Gest\u00e4nge<\/td>\r\n    <td>Galvanisiertes 28mm Stahlgest\u00e4nge<\/td>\r\n  <\/tr>\r\n  <tr>\r\n    <td>Gewebe<\/td>\r\n    <td>TenCate 300 g\/m2 Stoffgewebe<\/td>\r\n  <\/tr>\r\n  <tr>\r\n    <td>Chassis<\/td>\r\n    <td>Gebremstes AL-KO chassis, mit 4 starken Standf\u00fc\u00dfen<\/td>\r\n  <\/tr>\r\n  <tr>\r\n    <td>Bereifung<\/td>\r\n    <td>13 Zoll Stahlfelgen mit Ersatzrad<\/td>\r\n  <\/tr>\r\n  <tr>\r\n    <td>Farben<\/td>\r\n    <td>Braun \/ Anthrazit<\/td>\r\n  <\/tr>\r\n  <tr>\r\n    <td>Gewicht<\/td>\r\n    <td>Eigengewicht 415 Kg, zul\u00e4ssiges Gesammtgewicht\r\n750 Kg<\/td>\r\n  <\/tr>\r\n<\/tbody>\r\n<\/table>\t\t\t\t<\/div>\n\t\t\t\t<\/div>\n\t\t\t\t\t<\/div>\n\t\t<\/div>\n\t\t\t\t\t<\/div>\n\t\t<\/section>\n\t\t\t\t<section class=\"elementor-section elementor-inner-section elementor-element elementor-element-4078a4b0 elementor-section-boxed elementor-section-height-default elementor-section-height-default\" data-id=\"4078a4b0\" data-element_type=\"section\">\n\t\t\t\t\t\t<div class=\"elementor-container elementor-column-gap-wider\">\n\t\t\t\t\t<div class=\"elementor-column elementor-col-50 elementor-inner-column elementor-element elementor-element-415a1420\" data-id=\"415a1420\" data-element_type=\"column\">\n\t\t\t<div class=\"elementor-widget-wrap elementor-element-populated\">\n\t\t\t\t\t\t<div class=\"elementor-element elementor-element-3c8e29e4 elementor-widget elementor-widget-shortcode\" data-id=\"3c8e29e4\" data-element_type=\"widget\" data-widget_type=\"shortcode.default\">\n\t\t\t\t<div class=\"elementor-widget-container\">\n\t\t\t\t\t\t\t<div class=\"elementor-shortcode\"><div class=\"model-configurator\"><h3>Configurator<\/h3><label class=\"model-line\"><span class=\"model-title\">Campfire<\/span><input type=\"checkbox\" class=\"model-price\" data-price=\"11295\" title=\"11295\" checked><span class=\"checkmark\"><\/span><div class=\"hover-box\">\u20ac 11295<\/div><\/label><label class=\"model-line\"><span class=\"model-title\">Sonnendach<\/span><input type=\"checkbox\" class=\"model-price\" data-price=\"749\" title=\"749\"><span class=\"checkmark\"><\/span><div class=\"hover-box\">\u20ac 749<\/div><\/label><label class=\"model-line\"><span class=\"model-title\">Organiser<\/span><input type=\"checkbox\" class=\"model-price\" data-price=\"179\" title=\"179\"><span class=\"checkmark\"><\/span><div class=\"hover-box\">\u20ac 179<\/div><\/label><p class=\"model-total\">Empfohlener Verkaufspreis<\/p><span class=\"configurator-total\"><\/span><\/div><\/div>\n\t\t\t\t\t\t<\/div>\n\t\t\t\t<\/div>\n\t\t\t\t\t<\/div>\n\t\t<\/div>\n\t\t\t\t<div class=\"elementor-column elementor-col-50 elementor-inner-column elementor-element elementor-element-3e116352\" data-id=\"3e116352\" data-element_type=\"column\">\n\t\t\t<div class=\"elementor-widget-wrap elementor-element-populated\">\n\t\t\t\t\t\t<div class=\"elementor-element elementor-element-30193d08 elementor-widget__width-auto ap-icon elementor-widget elementor-widget-heading\" data-id=\"30193d08\" data-element_type=\"widget\" data-widget_type=\"heading.default\">\n\t\t\t\t<div class=\"elementor-widget-container\">\n\t\t\t\t\t<h4 class=\"elementor-heading-title elementor-size-default\"><a href=\"\/de\/handler\/\">Jetzt H\u00e4ndler finden<\/a><\/h4>\t\t\t\t<\/div>\n\t\t\t\t<\/div>\n\t\t\t\t<div class=\"elementor-element elementor-element-2fbebcdc elementor-widget-divider--view-line elementor-widget elementor-widget-divider\" data-id=\"2fbebcdc\" data-element_type=\"widget\" data-widget_type=\"divider.default\">\n\t\t\t\t<div class=\"elementor-widget-container\">\n\t\t\t\t\t\t\t<div class=\"elementor-divider\">\n\t\t\t<span class=\"elementor-divider-separator\">\n\t\t\t\t\t\t<\/span>\n\t\t<\/div>\n\t\t\t\t\t\t<\/div>\n\t\t\t\t<\/div>\n\t\t\t\t<div class=\"elementor-element elementor-element-71e190f8 elementor-widget__width-auto youtube-icon elementor-widget elementor-widget-heading\" data-id=\"71e190f8\" data-element_type=\"widget\" data-widget_type=\"heading.default\">\n\t\t\t\t<div class=\"elementor-widget-container\">\n\t\t\t\t\t<h4 class=\"elementor-heading-title elementor-size-default\"><a href=\"#elementor-action%3Aaction%3Dlightbox%26settings%3DeyJ0eXBlIjoidmlkZW8iLCJ2aWRlb1R5cGUiOiJ5b3V0dWJlIiwidXJsIjoiaHR0cHM6XC9cL3d3dy55b3V0dWJlLmNvbVwvZW1iZWRcL3VHRjFYUGFrNUlBP2ZlYXR1cmU9b2VtYmVkIn0%3D\" target=\"_blank\">Aufbau Anleitung<\/a><\/h4>\t\t\t\t<\/div>\n\t\t\t\t<\/div>\n\t\t\t\t\t<\/div>\n\t\t<\/div>\n\t\t\t\t\t<\/div>\n\t\t<\/section>\n\t\t\t\t\t<\/div>\n\t\t<\/div>\n\t\t\t\t\t<\/div>\n\t\t<\/section>\n\t\t\t\t<\/div>\n\t\t","protected":false},"excerpt":{"rendered":"<p>Vorige slide Volgende slide Campfire Das Element Feuer symbolisiert W\u00e4rme, Licht und Energie. Feuer sorgt f\u00fcr Aufregung und Bewegung und weckt neues Leben. Genau das finden Sie in diesem Modell: Campfire. Das Alpenkreuzer Campfire ist ein ger\u00e4umiges Tent trailer f\u00fcr 4-6 Personen, das Komfort und Abenteuer miteinander verbindet f\u00fcr Familien oder Freunde, die einen abenteuerlichen [&hellip;]<\/p>\n","protected":false},"author":1,"featured_media":0,"parent":1569,"menu_order":0,"comment_status":"closed","ping_status":"closed","template":"","meta":{"_acf_changed":false,"inline_featured_image":false,"footnotes":""},"class_list":["post-1571","page","type-page","status-publish","hentry"],"acf":[],"yoast_head":"<!-- This site is optimized with the Yoast SEO plugin v24.1 - https:\/\/yoast.com\/wordpress\/plugins\/seo\/ -->\n<title>Campfire - Alpenkreuzer<\/title>\n<meta name=\"robots\" content=\"index, follow, max-snippet:-1, max-image-preview:large, max-video-preview:-1\" \/>\n<link rel=\"canonical\" href=\"https:\/\/www.alpenkreuzer.com\/de\/modelle\/campfire\/\" \/>\n<meta property=\"og:locale\" content=\"de_DE\" \/>\n<meta property=\"og:type\" content=\"article\" \/>\n<meta property=\"og:title\" content=\"Campfire - Alpenkreuzer\" \/>\n<meta property=\"og:description\" content=\"Vorige slide Volgende slide Campfire Das Element Feuer symbolisiert W\u00e4rme, Licht und Energie. Feuer sorgt f\u00fcr Aufregung und Bewegung und weckt neues Leben. Genau das finden Sie in diesem Modell: Campfire. Das Alpenkreuzer Campfire ist ein ger\u00e4umiges Tent trailer f\u00fcr 4-6 Personen, das Komfort und Abenteuer miteinander verbindet f\u00fcr Familien oder Freunde, die einen abenteuerlichen [&hellip;]\" \/>\n<meta property=\"og:url\" content=\"https:\/\/www.alpenkreuzer.com\/de\/modelle\/campfire\/\" \/>\n<meta property=\"og:site_name\" content=\"Alpenkreuzer\" \/>\n<meta property=\"article:modified_time\" content=\"2025-10-03T09:54:52+00:00\" \/>\n<meta property=\"og:image\" content=\"https:\/\/www.alpenkreuzer.com\/wp-content\/uploads\/2023\/09\/Campfire_Icon.png\" \/>\n<meta name=\"twitter:card\" content=\"summary_large_image\" \/>\n<meta name=\"twitter:label1\" content=\"Gesch\u00e4tzte Lesezeit\" \/>\n\t<meta name=\"twitter:data1\" content=\"2\u00a0Minuten\" \/>\n<script type=\"application\/ld+json\" class=\"yoast-schema-graph\">{\"@context\":\"https:\/\/schema.org\",\"@graph\":[{\"@type\":\"WebPage\",\"@id\":\"https:\/\/www.alpenkreuzer.com\/de\/modelle\/campfire\/\",\"url\":\"https:\/\/www.alpenkreuzer.com\/de\/modelle\/campfire\/\",\"name\":\"Campfire - Alpenkreuzer\",\"isPartOf\":{\"@id\":\"https:\/\/www.alpenkreuzer.com\/#website\"},\"primaryImageOfPage\":{\"@id\":\"https:\/\/www.alpenkreuzer.com\/de\/modelle\/campfire\/#primaryimage\"},\"image\":{\"@id\":\"https:\/\/www.alpenkreuzer.com\/de\/modelle\/campfire\/#primaryimage\"},\"thumbnailUrl\":\"https:\/\/www.alpenkreuzer.com\/wp-content\/uploads\/2023\/09\/Campfire_Icon.png\",\"datePublished\":\"2023-03-21T12:55:11+00:00\",\"dateModified\":\"2025-10-03T09:54:52+00:00\",\"breadcrumb\":{\"@id\":\"https:\/\/www.alpenkreuzer.com\/de\/modelle\/campfire\/#breadcrumb\"},\"inLanguage\":\"de\",\"potentialAction\":[{\"@type\":\"ReadAction\",\"target\":[\"https:\/\/www.alpenkreuzer.com\/de\/modelle\/campfire\/\"]}]},{\"@type\":\"ImageObject\",\"inLanguage\":\"de\",\"@id\":\"https:\/\/www.alpenkreuzer.com\/de\/modelle\/campfire\/#primaryimage\",\"url\":\"https:\/\/www.alpenkreuzer.com\/wp-content\/uploads\/2023\/09\/Campfire_Icon.png\",\"contentUrl\":\"https:\/\/www.alpenkreuzer.com\/wp-content\/uploads\/2023\/09\/Campfire_Icon.png\"},{\"@type\":\"BreadcrumbList\",\"@id\":\"https:\/\/www.alpenkreuzer.com\/de\/modelle\/campfire\/#breadcrumb\",\"itemListElement\":[{\"@type\":\"ListItem\",\"position\":1,\"name\":\"Home\",\"item\":\"https:\/\/www.alpenkreuzer.com\/en\/\"},{\"@type\":\"ListItem\",\"position\":2,\"name\":\"Modelle\",\"item\":\"https:\/\/www.alpenkreuzer.com\/de\/modelle\/\"},{\"@type\":\"ListItem\",\"position\":3,\"name\":\"Campfire\"}]},{\"@type\":\"WebSite\",\"@id\":\"https:\/\/www.alpenkreuzer.com\/#website\",\"url\":\"https:\/\/www.alpenkreuzer.com\/\",\"name\":\"Alpenkreuzer\",\"description\":\"\",\"publisher\":{\"@id\":\"https:\/\/www.alpenkreuzer.com\/#organization\"},\"potentialAction\":[{\"@type\":\"SearchAction\",\"target\":{\"@type\":\"EntryPoint\",\"urlTemplate\":\"https:\/\/www.alpenkreuzer.com\/?s={search_term_string}\"},\"query-input\":{\"@type\":\"PropertyValueSpecification\",\"valueRequired\":true,\"valueName\":\"search_term_string\"}}],\"inLanguage\":\"de\"},{\"@type\":\"Organization\",\"@id\":\"https:\/\/www.alpenkreuzer.com\/#organization\",\"name\":\"Alpenkreuzer\",\"url\":\"https:\/\/www.alpenkreuzer.com\/\",\"logo\":{\"@type\":\"ImageObject\",\"inLanguage\":\"de\",\"@id\":\"https:\/\/www.alpenkreuzer.com\/#\/schema\/logo\/image\/\",\"url\":\"https:\/\/www.alpenkreuzer.com\/wp-content\/uploads\/2023\/03\/Alpenkreuzer-logo.png\",\"contentUrl\":\"https:\/\/www.alpenkreuzer.com\/wp-content\/uploads\/2023\/03\/Alpenkreuzer-logo.png\",\"width\":3117,\"height\":1018,\"caption\":\"Alpenkreuzer\"},\"image\":{\"@id\":\"https:\/\/www.alpenkreuzer.com\/#\/schema\/logo\/image\/\"}}]}<\/script>\n<!-- \/ Yoast SEO plugin. -->","yoast_head_json":{"title":"Campfire - Alpenkreuzer","robots":{"index":"index","follow":"follow","max-snippet":"max-snippet:-1","max-image-preview":"max-image-preview:large","max-video-preview":"max-video-preview:-1"},"canonical":"https:\/\/www.alpenkreuzer.com\/de\/modelle\/campfire\/","og_locale":"de_DE","og_type":"article","og_title":"Campfire - Alpenkreuzer","og_description":"Vorige slide Volgende slide Campfire Das Element Feuer symbolisiert W\u00e4rme, Licht und Energie. Feuer sorgt f\u00fcr Aufregung und Bewegung und weckt neues Leben. Genau das finden Sie in diesem Modell: Campfire. Das Alpenkreuzer Campfire ist ein ger\u00e4umiges Tent trailer f\u00fcr 4-6 Personen, das Komfort und Abenteuer miteinander verbindet f\u00fcr Familien oder Freunde, die einen abenteuerlichen [&hellip;]","og_url":"https:\/\/www.alpenkreuzer.com\/de\/modelle\/campfire\/","og_site_name":"Alpenkreuzer","article_modified_time":"2025-10-03T09:54:52+00:00","og_image":[{"url":"https:\/\/www.alpenkreuzer.com\/wp-content\/uploads\/2023\/09\/Campfire_Icon.png","type":"","width":"","height":""}],"twitter_card":"summary_large_image","twitter_misc":{"Gesch\u00e4tzte Lesezeit":"2\u00a0Minuten"},"schema":{"@context":"https:\/\/schema.org","@graph":[{"@type":"WebPage","@id":"https:\/\/www.alpenkreuzer.com\/de\/modelle\/campfire\/","url":"https:\/\/www.alpenkreuzer.com\/de\/modelle\/campfire\/","name":"Campfire - Alpenkreuzer","isPartOf":{"@id":"https:\/\/www.alpenkreuzer.com\/#website"},"primaryImageOfPage":{"@id":"https:\/\/www.alpenkreuzer.com\/de\/modelle\/campfire\/#primaryimage"},"image":{"@id":"https:\/\/www.alpenkreuzer.com\/de\/modelle\/campfire\/#primaryimage"},"thumbnailUrl":"https:\/\/www.alpenkreuzer.com\/wp-content\/uploads\/2023\/09\/Campfire_Icon.png","datePublished":"2023-03-21T12:55:11+00:00","dateModified":"2025-10-03T09:54:52+00:00","breadcrumb":{"@id":"https:\/\/www.alpenkreuzer.com\/de\/modelle\/campfire\/#breadcrumb"},"inLanguage":"de","potentialAction":[{"@type":"ReadAction","target":["https:\/\/www.alpenkreuzer.com\/de\/modelle\/campfire\/"]}]},{"@type":"ImageObject","inLanguage":"de","@id":"https:\/\/www.alpenkreuzer.com\/de\/modelle\/campfire\/#primaryimage","url":"https:\/\/www.alpenkreuzer.com\/wp-content\/uploads\/2023\/09\/Campfire_Icon.png","contentUrl":"https:\/\/www.alpenkreuzer.com\/wp-content\/uploads\/2023\/09\/Campfire_Icon.png"},{"@type":"BreadcrumbList","@id":"https:\/\/www.alpenkreuzer.com\/de\/modelle\/campfire\/#breadcrumb","itemListElement":[{"@type":"ListItem","position":1,"name":"Home","item":"https:\/\/www.alpenkreuzer.com\/en\/"},{"@type":"ListItem","position":2,"name":"Modelle","item":"https:\/\/www.alpenkreuzer.com\/de\/modelle\/"},{"@type":"ListItem","position":3,"name":"Campfire"}]},{"@type":"WebSite","@id":"https:\/\/www.alpenkreuzer.com\/#website","url":"https:\/\/www.alpenkreuzer.com\/","name":"Alpenkreuzer","description":"","publisher":{"@id":"https:\/\/www.alpenkreuzer.com\/#organization"},"potentialAction":[{"@type":"SearchAction","target":{"@type":"EntryPoint","urlTemplate":"https:\/\/www.alpenkreuzer.com\/?s={search_term_string}"},"query-input":{"@type":"PropertyValueSpecification","valueRequired":true,"valueName":"search_term_string"}}],"inLanguage":"de"},{"@type":"Organization","@id":"https:\/\/www.alpenkreuzer.com\/#organization","name":"Alpenkreuzer","url":"https:\/\/www.alpenkreuzer.com\/","logo":{"@type":"ImageObject","inLanguage":"de","@id":"https:\/\/www.alpenkreuzer.com\/#\/schema\/logo\/image\/","url":"https:\/\/www.alpenkreuzer.com\/wp-content\/uploads\/2023\/03\/Alpenkreuzer-logo.png","contentUrl":"https:\/\/www.alpenkreuzer.com\/wp-content\/uploads\/2023\/03\/Alpenkreuzer-logo.png","width":3117,"height":1018,"caption":"Alpenkreuzer"},"image":{"@id":"https:\/\/www.alpenkreuzer.com\/#\/schema\/logo\/image\/"}}]}},"_links":{"self":[{"href":"https:\/\/www.alpenkreuzer.com\/de\/wp-json\/wp\/v2\/pages\/1571","targetHints":{"allow":["GET"]}}],"collection":[{"href":"https:\/\/www.alpenkreuzer.com\/de\/wp-json\/wp\/v2\/pages"}],"about":[{"href":"https:\/\/www.alpenkreuzer.com\/de\/wp-json\/wp\/v2\/types\/page"}],"author":[{"embeddable":true,"href":"https:\/\/www.alpenkreuzer.com\/de\/wp-json\/wp\/v2\/users\/1"}],"replies":[{"embeddable":true,"href":"https:\/\/www.alpenkreuzer.com\/de\/wp-json\/wp\/v2\/comments?post=1571"}],"version-history":[{"count":49,"href":"https:\/\/www.alpenkreuzer.com\/de\/wp-json\/wp\/v2\/pages\/1571\/revisions"}],"predecessor-version":[{"id":15443,"href":"https:\/\/www.alpenkreuzer.com\/de\/wp-json\/wp\/v2\/pages\/1571\/revisions\/15443"}],"up":[{"embeddable":true,"href":"https:\/\/www.alpenkreuzer.com\/de\/wp-json\/wp\/v2\/pages\/1569"}],"wp:attachment":[{"href":"https:\/\/www.alpenkreuzer.com\/de\/wp-json\/wp\/v2\/media?parent=1571"}],"curies":[{"name":"wp","href":"https:\/\/api.w.org\/{rel}","templated":true}]}}